{"id":11,"date":"2026-02-21T12:39:05","date_gmt":"2026-02-21T11:39:05","guid":{"rendered":"http:\/\/www.arnelis.eu\/?page_id=11"},"modified":"2026-02-24T11:20:37","modified_gmt":"2026-02-24T10:20:37","slug":"arnelis","status":"publish","type":"page","link":"https:\/\/www.arnelis.eu\/","title":{"rendered":"Arnelis"},"content":{"rendered":"\n\n\n\n\n<div class=\"wp-block-media-text alignwide is-stacked-on-mobile\"><figure class=\"wp-block-media-text__media\"><img loading=\"lazy\" decoding=\"async\" width=\"1024\" height=\"448\" src=\"https:\/\/www.arnelis.eu\/wp-content\/uploads\/2026\/02\/AdobeStock_429102403-1024x448.jpeg\" alt=\"\" class=\"wp-image-40 size-full\" srcset=\"https:\/\/www.arnelis.eu\/wp-content\/uploads\/2026\/02\/AdobeStock_429102403-1024x448.jpeg 1024w, https:\/\/www.arnelis.eu\/wp-content\/uploads\/2026\/02\/AdobeStock_429102403-300x131.jpeg 300w, https:\/\/www.arnelis.eu\/wp-content\/uploads\/2026\/02\/AdobeStock_429102403-768x336.jpeg 768w, https:\/\/www.arnelis.eu\/wp-content\/uploads\/2026\/02\/AdobeStock_429102403-1536x672.jpeg 1536w, https:\/\/www.arnelis.eu\/wp-content\/uploads\/2026\/02\/AdobeStock_429102403-2048x896.jpeg 2048w\" sizes=\"auto, (max-width: 1024px) 100vw, 1024px\" \/><\/figure><div class=\"wp-block-media-text__content\">\n<p class=\"has-hind-font-family\">Der Gesch\u00e4ftsbereich der Arnelis umfasst Datenschutz, Projektmanagement, Gesch\u00e4ftsprozessmodellierung, Datenmigration und Datenkonsolidierung.<\/p>\n<\/div><\/div>\n\n\n\n<div style=\"height:50px\" aria-hidden=\"true\" class=\"wp-block-spacer\"><\/div>\n\n\n\n<hr class=\"wp-block-separator alignwide has-alpha-channel-opacity\"\/>\n\n\n\n<h2 class=\"wp-block-heading alignwide has-montserrat-font-family\" id=\"Datenschutz\">Datenschutz<\/h2>\n\n\n\n<div class=\"wp-block-media-text alignwide has-media-on-the-right is-stacked-on-mobile is-vertically-aligned-center\"><div class=\"wp-block-media-text__content\">\n<p>Durch die Kombination von Erfahrung und Ausbildung verf\u00fcgen unsere Datenschutzexperten \u00fcber ein breites Spektrum an Kompetenzen in allen Bereichen des Datenschutzes.<br><br>Unsere Kompetenzen definieren sich in folgenden Bereichen:<\/p>\n\n\n\n<ul class=\"wp-block-list\">\n<li>Stellung eines externen Datenschutzbeauftragten<\/li>\n\n\n\n<li>Erarbeitung und Umsetzung von Datenschutzprozessen<\/li>\n\n\n\n<li>Erstellung und Implementierung von L\u00f6sch- und Sperrkonzepten<\/li>\n\n\n\n<li>Aufbau einer Datenschutzorganisation<\/li>\n\n\n\n<li>Beratung der Fachbereiche zu Datenschutzthemen<\/li>\n\n\n\n<li>Rechtliche Analyse von Auftragsverarbeitungsvertr\u00e4gen (AVV)<\/li>\n\n\n\n<li>Erstellung von Schulungskonzepten<\/li>\n\n\n\n<li>Durchf\u00fchrung von Datenschutz-Audits<\/li>\n<\/ul>\n\n\n\n<p><\/p>\n<\/div><figure class=\"wp-block-media-text__media\"><img loading=\"lazy\" decoding=\"async\" width=\"1024\" height=\"632\" src=\"https:\/\/www.arnelis.eu\/wp-content\/uploads\/2026\/02\/AdobeStock_378204554-1024x632.jpeg\" alt=\"\" class=\"wp-image-46 size-full\" srcset=\"https:\/\/www.arnelis.eu\/wp-content\/uploads\/2026\/02\/AdobeStock_378204554-1024x632.jpeg 1024w, https:\/\/www.arnelis.eu\/wp-content\/uploads\/2026\/02\/AdobeStock_378204554-300x185.jpeg 300w, https:\/\/www.arnelis.eu\/wp-content\/uploads\/2026\/02\/AdobeStock_378204554-768x474.jpeg 768w, https:\/\/www.arnelis.eu\/wp-content\/uploads\/2026\/02\/AdobeStock_378204554-1536x948.jpeg 1536w, https:\/\/www.arnelis.eu\/wp-content\/uploads\/2026\/02\/AdobeStock_378204554-2048x1263.jpeg 2048w\" sizes=\"auto, (max-width: 1024px) 100vw, 1024px\" \/><\/figure><\/div>\n\n\n\n<div class=\"wp-block-group alignwide is-nowrap is-layout-flex wp-container-core-group-is-layout-6c531013 wp-block-group-is-layout-flex\">\n<p>Ben\u00f6tigen Sie Unterst\u00fctzung zu Datenschutzthemen, k\u00f6nnen Sie uns gerne <a href=\"mailto:info@arnelis.de\">hier per Mail <\/a>kontaktieren. Wir besprechen gerne mit Ihnen die Details und unterbreiten Ihnen ein individuelles Angebot.<\/p>\n<\/div>\n\n\n\n<hr class=\"wp-block-separator alignwide has-alpha-channel-opacity\"\/>\n\n\n\n<div style=\"height:50px\" aria-hidden=\"true\" class=\"wp-block-spacer\"><\/div>\n\n\n\n<h2 class=\"wp-block-heading alignwide\" id=\"Projektmanagement\">Projektmanagement<\/h2>\n\n\n\n<div class=\"wp-block-group alignwide has-global-padding is-layout-constrained wp-block-group-is-layout-constrained\">\n<div class=\"wp-block-media-text alignwide is-stacked-on-mobile is-vertically-aligned-center\" style=\"grid-template-columns:48% auto\"><figure class=\"wp-block-media-text__media\"><img loading=\"lazy\" decoding=\"async\" width=\"1024\" height=\"683\" src=\"https:\/\/www.arnelis.eu\/wp-content\/uploads\/2026\/02\/AdobeStock_316839352-1024x683.jpeg\" alt=\"\" class=\"wp-image-198 size-full\" srcset=\"https:\/\/www.arnelis.eu\/wp-content\/uploads\/2026\/02\/AdobeStock_316839352-1024x683.jpeg 1024w, https:\/\/www.arnelis.eu\/wp-content\/uploads\/2026\/02\/AdobeStock_316839352-300x200.jpeg 300w, https:\/\/www.arnelis.eu\/wp-content\/uploads\/2026\/02\/AdobeStock_316839352-768x512.jpeg 768w, https:\/\/www.arnelis.eu\/wp-content\/uploads\/2026\/02\/AdobeStock_316839352-1536x1024.jpeg 1536w, https:\/\/www.arnelis.eu\/wp-content\/uploads\/2026\/02\/AdobeStock_316839352-2048x1365.jpeg 2048w\" sizes=\"auto, (max-width: 1024px) 100vw, 1024px\" \/><\/figure><div class=\"wp-block-media-text__content\">\n<p>Ausbildung und Erfahrung in verschiedenen Bereichen des Projektmanagements zeichnen uns aus. Von Testmanagement \u00fcber (Teil-)Projektleitungen bis hin zu Cutover-Planungen haben wir alles im Portfolio. Besondere Erfahrungen haben wir gesammelt im \u00f6ffentlichen Sektor und in der Versicherungsbranche.<\/p>\n<\/div><\/div>\n<\/div>\n\n\n\n<div class=\"wp-block-group alignwide is-nowrap is-layout-flex wp-container-core-group-is-layout-6c531013 wp-block-group-is-layout-flex\">\n<p>Ben\u00f6tigen Sie Unterst\u00fctzung in Bereichen des Projektmanagements, k\u00f6nnen Sie uns gerne <a href=\"mailto:info@arnelis.de\">hier per Mail <\/a>kontaktieren. Wir besprechen gerne mit Ihnen die Details und unterbreiten Ihnen ein individuelles Angebot.<\/p>\n<\/div>\n\n\n\n<hr class=\"wp-block-separator alignwide has-alpha-channel-opacity\"\/>\n\n\n\n<div style=\"height:50px\" aria-hidden=\"true\" class=\"wp-block-spacer\"><\/div>\n\n\n\n<h2 class=\"wp-block-heading alignwide\" id=\"Datenmanagement\">Datenmanagement<\/h2>\n\n\n\n<div class=\"wp-block-group alignwide has-global-padding is-layout-constrained wp-block-group-is-layout-constrained\">\n<div class=\"wp-block-media-text alignwide has-media-on-the-right is-stacked-on-mobile is-vertically-aligned-center\"><div class=\"wp-block-media-text__content\">\n<p>Datenanalyse, Datenmodellierung, Datenmigration und Datenkonsolidierung sind uns nicht fremd. In vielen Projekten konnten wir unser Know-How einsetzen und erweitern. <\/p>\n<\/div><figure class=\"wp-block-media-text__media\"><img loading=\"lazy\" decoding=\"async\" width=\"1024\" height=\"681\" src=\"https:\/\/www.arnelis.eu\/wp-content\/uploads\/2026\/02\/AdobeStock_478283135-1024x681.jpeg\" alt=\"\" class=\"wp-image-63 size-full\" srcset=\"https:\/\/www.arnelis.eu\/wp-content\/uploads\/2026\/02\/AdobeStock_478283135-1024x681.jpeg 1024w, https:\/\/www.arnelis.eu\/wp-content\/uploads\/2026\/02\/AdobeStock_478283135-300x200.jpeg 300w, https:\/\/www.arnelis.eu\/wp-content\/uploads\/2026\/02\/AdobeStock_478283135-768x511.jpeg 768w, https:\/\/www.arnelis.eu\/wp-content\/uploads\/2026\/02\/AdobeStock_478283135-1536x1022.jpeg 1536w, https:\/\/www.arnelis.eu\/wp-content\/uploads\/2026\/02\/AdobeStock_478283135-2048x1363.jpeg 2048w\" sizes=\"auto, (max-width: 1024px) 100vw, 1024px\" \/><\/figure><\/div>\n<\/div>\n\n\n\n<div class=\"wp-block-group alignwide is-nowrap is-layout-flex wp-container-core-group-is-layout-6c531013 wp-block-group-is-layout-flex\">\n<p>Ben\u00f6tigen Sie Unterst\u00fctzung beim Management von Daten, k\u00f6nnen Sie uns gerne <a href=\"mailto:info@arnelis.de\">hier per Mail <\/a>kontaktieren. Wir besprechen gerne mit Ihnen die Details und unterbreiten Ihnen ein individuelles Angebot<\/p>\n<\/div>\n\n\n\n<hr class=\"wp-block-separator alignwide has-alpha-channel-opacity\"\/>\n\n\n\n<div style=\"height:50px\" aria-hidden=\"true\" class=\"wp-block-spacer\"><\/div>\n\n\n\n<h2 class=\"wp-block-heading alignwide\" id=\"Gesch\u00e4ftsprozesse\">Gesch\u00e4ftsprozesse<\/h2>\n\n\n\n<div class=\"wp-block-group alignwide has-global-padding is-layout-constrained wp-block-group-is-layout-constrained\">\n<div class=\"wp-block-media-text alignwide is-stacked-on-mobile is-vertically-aligned-center\" style=\"grid-template-columns:45% auto\"><figure class=\"wp-block-media-text__media\"><img loading=\"lazy\" decoding=\"async\" width=\"1024\" height=\"683\" src=\"https:\/\/www.arnelis.eu\/wp-content\/uploads\/2026\/02\/AdobeStock_502576210-1024x683.jpeg\" alt=\"\" class=\"wp-image-47 size-full\" srcset=\"https:\/\/www.arnelis.eu\/wp-content\/uploads\/2026\/02\/AdobeStock_502576210-1024x683.jpeg 1024w, https:\/\/www.arnelis.eu\/wp-content\/uploads\/2026\/02\/AdobeStock_502576210-300x200.jpeg 300w, https:\/\/www.arnelis.eu\/wp-content\/uploads\/2026\/02\/AdobeStock_502576210-768x512.jpeg 768w, https:\/\/www.arnelis.eu\/wp-content\/uploads\/2026\/02\/AdobeStock_502576210-1536x1024.jpeg 1536w, https:\/\/www.arnelis.eu\/wp-content\/uploads\/2026\/02\/AdobeStock_502576210-2048x1365.jpeg 2048w\" sizes=\"auto, (max-width: 1024px) 100vw, 1024px\" \/><\/figure><div class=\"wp-block-media-text__content\">\n<p>Sie m\u00f6chten Ihre Gesch\u00e4ftsprozesse analysieren und verbessern? Im Rahmen einer ERP-Umstellung m\u00fcssen die Prozesse angepasst werden? Auch hier ist die Arnelis mit Ihrer Erfahrung der richtige Partner an Ihrer Seite.<\/p>\n\n\n\n<p><\/p>\n<\/div><\/div>\n<\/div>\n\n\n\n<div class=\"wp-block-group alignwide is-nowrap is-layout-flex wp-container-core-group-is-layout-6c531013 wp-block-group-is-layout-flex\">\n<p>Ben\u00f6tigen Sie Unterst\u00fctzung bei der Bearbeitung von Gesch\u00e4ftsprozessen, k\u00f6nnen Sie uns gerne <a href=\"mailto:info@arnelis.de\">hier per Mail <\/a>kontaktieren. Wir besprechen gerne mit Ihnen die Details und unterbreiten Ihnen ein individuelles Angebot.<\/p>\n<\/div>\n\n\n\n<hr class=\"wp-block-separator alignwide has-alpha-channel-opacity\"\/>\n\n\n\n<div style=\"height:50px\" aria-hidden=\"true\" class=\"wp-block-spacer\"><\/div>\n\n\n\n<h2 class=\"wp-block-heading alignwide\" id=\"Datenmanagement\">Wir nehmen unterschiedlichste Rollen ein<\/h2>\n\n\n\n<div class=\"wp-block-media-text alignwide is-stacked-on-mobile\"><figure class=\"wp-block-media-text__media\"><img loading=\"lazy\" decoding=\"async\" width=\"1024\" height=\"682\" src=\"https:\/\/www.arnelis.eu\/wp-content\/uploads\/2026\/02\/AdobeStock_171508689-1024x682.jpeg\" alt=\"\" class=\"wp-image-77 size-full\" srcset=\"https:\/\/www.arnelis.eu\/wp-content\/uploads\/2026\/02\/AdobeStock_171508689-1024x682.jpeg 1024w, https:\/\/www.arnelis.eu\/wp-content\/uploads\/2026\/02\/AdobeStock_171508689-300x200.jpeg 300w, https:\/\/www.arnelis.eu\/wp-content\/uploads\/2026\/02\/AdobeStock_171508689-768x512.jpeg 768w, https:\/\/www.arnelis.eu\/wp-content\/uploads\/2026\/02\/AdobeStock_171508689-1536x1024.jpeg 1536w, https:\/\/www.arnelis.eu\/wp-content\/uploads\/2026\/02\/AdobeStock_171508689.jpeg 1688w\" sizes=\"auto, (max-width: 1024px) 100vw, 1024px\" \/><\/figure><div class=\"wp-block-media-text__content\">\n<p>Bei der Umsetzung von Themen und Projekten unterst\u00fctzen unsere Mitarbeiter Ihr Unternehmen in den unterschiedlichsten Rollen.<\/p>\n\n\n\n<p>Business-Analyst, Facharchitekt, (Teil-)Projektleitung, Testkoordination, Testdurchf\u00fchrung, Datenschutzkoordinator<\/p>\n\n\n\n<p>ist nur eine Auswahl der Rollen, die wir in der Vergangenheit bereits erfolgreich ausgef\u00fcllt haben.<\/p>\n<\/div><\/div>\n\n\n\n<div class=\"wp-block-group alignwide is-nowrap is-layout-flex wp-container-core-group-is-layout-6c531013 wp-block-group-is-layout-flex\">\n<p>Ben\u00f6tigen Sie Unterst\u00fctzung bei Durchf\u00fchrung von IT-Projekten in unterschiedlichen Rollen, k\u00f6nnen Sie uns gerne <a href=\"mailto:info@arnelis.de\">hier per Mail <\/a>kontaktieren. Wir besprechen gerne mit Ihnen die Details und unterbreiten Ihnen ein individuelles Angebot.<\/p>\n<\/div>\n\n\n\n<p><\/p>\n","protected":false},"excerpt":{"rendered":"<p>Der Gesch\u00e4ftsbereich der Arnelis umfasst Datenschutz, Projektmanagement, Gesch\u00e4ftsprozessmodellierung, Datenmigration und Datenkonsolidierung. Datenschutz Ben\u00f6tigen Sie Unterst\u00fctzung zu Datenschutzthemen, k\u00f6nnen Sie uns gerne hier per Mail kontaktieren. Wir besprechen gerne mit Ihnen die Details und unterbreiten Ihnen ein individuelles Angebot. Projektmanagement Ausbildung und Erfahrung in verschiedenen Bereichen des Projektmanagements zeichnen uns aus. Von Testmanagement \u00fcber (Teil-)Projektleitungen bis [&hellip;]<\/p>\n","protected":false},"author":1,"featured_media":12,"parent":0,"menu_order":0,"comment_status":"closed","ping_status":"closed","template":"","meta":{"footnotes":""},"class_list":["post-11","page","type-page","status-publish","has-post-thumbnail","hentry"],"_links":{"self":[{"href":"https:\/\/www.arnelis.eu\/index.php?rest_route=\/wp\/v2\/pages\/11","targetHints":{"allow":["GET"]}}],"collection":[{"href":"https:\/\/www.arnelis.eu\/index.php?rest_route=\/wp\/v2\/pages"}],"about":[{"href":"https:\/\/www.arnelis.eu\/index.php?rest_route=\/wp\/v2\/types\/page"}],"author":[{"embeddable":true,"href":"https:\/\/www.arnelis.eu\/index.php?rest_route=\/wp\/v2\/users\/1"}],"replies":[{"embeddable":true,"href":"https:\/\/www.arnelis.eu\/index.php?rest_route=%2Fwp%2Fv2%2Fcomments&post=11"}],"version-history":[{"count":29,"href":"https:\/\/www.arnelis.eu\/index.php?rest_route=\/wp\/v2\/pages\/11\/revisions"}],"predecessor-version":[{"id":201,"href":"https:\/\/www.arnelis.eu\/index.php?rest_route=\/wp\/v2\/pages\/11\/revisions\/201"}],"wp:featuredmedia":[{"embeddable":true,"href":"https:\/\/www.arnelis.eu\/index.php?rest_route=\/wp\/v2\/media\/12"}],"wp:attachment":[{"href":"https:\/\/www.arnelis.eu\/index.php?rest_route=%2Fwp%2Fv2%2Fmedia&parent=11"}],"curies":[{"name":"wp","href":"https:\/\/api.w.org\/{rel}","templated":true}]}}